{"id":2,"date":"2024-10-02T11:59:07","date_gmt":"2024-10-02T11:59:07","guid":{"rendered":"https:\/\/malaifisio.rkinformatika.online\/?page_id=2"},"modified":"2025-04-28T14:07:54","modified_gmt":"2025-04-28T14:07:54","slug":"inicio","status":"publish","type":"page","link":"https:\/\/sidreriasanroque.com\/eu\/","title":{"rendered":"Hasiera"},"content":{"rendered":"<div data-elementor-type=\"wp-page\" data-elementor-id=\"2\" class=\"elementor elementor-2\" data-elementor-post-type=\"page\">\n\t\t\t\t<div class=\"elementor-element elementor-element-38415fe e-flex e-con-boxed e-con e-parent\" data-id=\"38415fe\" data-element_type=\"container\" data-e-type=\"container\" data-settings=\"{&quot;background_background&quot;:&quot;classic&quot;}\">\n\t\t\t\t\t<div class=\"e-con-inner\">\n\t\t\t\t\t<\/div>\n\t\t\t\t<\/div>\n\t\t<div class=\"elementor-element elementor-element-3928df0 e-flex e-con-boxed e-con e-parent\" data-id=\"3928df0\" data-element_type=\"container\" data-e-type=\"container\">\n\t\t\t\t\t<div class=\"e-con-inner\">\n\t\t<div class=\"elementor-element elementor-element-a9caea8 e-con-full e-flex e-con e-child\" data-id=\"a9caea8\" data-element_type=\"container\" data-e-type=\"container\">\n\t\t\t\t<div class=\"elementor-element elementor-element-1366af7 elementor-widget elementor-widget-heading\" data-id=\"1366af7\" data-element_type=\"widget\" data-e-type=\"widget\" data-widget_type=\"heading.default\">\n\t\t\t\t<div class=\"elementor-widget-container\">\n\t\t\t\t\t<h2 class=\"elementor-heading-title elementor-size-default\">Guri Buruz<\/h2>\t\t\t\t<\/div>\n\t\t\t\t<\/div>\n\t\t\t\t<div class=\"elementor-element elementor-element-63af876 elementor-widget__width-initial elementor-widget elementor-widget-text-editor\" data-id=\"63af876\" data-element_type=\"widget\" data-e-type=\"widget\" data-widget_type=\"text-editor.default\">\n\t\t\t\t<div class=\"elementor-widget-container\">\n\t\t\t\t\t\t\t\t\t<p class=\"\" data-start=\"24\" data-end=\"375\">Anbia kalearen bihotzean (Bizkaia), <strong>Sidrer\u00eda San Roque<\/strong> amets argi batekin: Espainiako iparraldeko sagardogintzako tradizio aberatsa eta giro moderno eta atsegina uztartzea.\u00a0<\/p><p>BEREZI egiten gaituena<\/p><ul data-start=\"849\" data-end=\"1453\"><li class=\"\" data-start=\"849\" data-end=\"989\"><p class=\"\" data-start=\"851\" data-end=\"989\"><strong data-start=\"851\" data-end=\"875\">Sagardoarekiko pasioa<\/strong><\/p><\/li><li class=\"\" data-start=\"990\" data-end=\"1133\"><p class=\"\" data-start=\"992\" data-end=\"1133\"><strong data-start=\"992\" data-end=\"1018\">Topaketaren kultura<\/strong><\/p><\/li><li class=\"\" data-start=\"1134\" data-end=\"1288\"><p class=\"\" data-start=\"1136\" data-end=\"1288\"><strong data-start=\"1136\" data-end=\"1162\">Sustraidun berrikuntza<\/strong><\/p><\/li><li class=\"\" data-start=\"1289\" data-end=\"1453\"><p class=\"\" data-start=\"1291\" data-end=\"1453\"><strong data-start=\"1291\" data-end=\"1314\">Hospitalitatea<\/strong><\/p><\/li><\/ul><p>Gure historiaren parte izatera gonbidatzen zaitugu. San Roke sagardotegian, edalontzi bakoitzak tradizio bat du; topaketa bakoitzak, kapitulu berri bat. Zatoz gu ezagutzera!<\/p>\t\t\t\t\t\t\t\t<\/div>\n\t\t\t\t<\/div>\n\t\t\t\t<\/div>\n\t\t<div class=\"elementor-element elementor-element-243d836 e-con-full e-flex e-con e-child\" data-id=\"243d836\" data-element_type=\"container\" data-e-type=\"container\" data-settings=\"{&quot;background_background&quot;:&quot;classic&quot;}\">\n\t\t\t\t<div class=\"elementor-element elementor-element-121691f elementor-widget elementor-widget-image\" data-id=\"121691f\" data-element_type=\"widget\" data-e-type=\"widget\" data-widget_type=\"image.default\">\n\t\t\t\t<div class=\"elementor-widget-container\">\n\t\t\t\t\t\t\t\t\t\t\t\t\t\t\t<img decoding=\"async\" src=\"https:\/\/sidreriasanroque.com\/wp-content\/uploads\/2025\/03\/WhatsApp-Image-2025-03-24-at-13.12.47.jpeg\" title=\"\" alt=\"\" loading=\"lazy\" \/>\t\t\t\t\t\t\t\t\t\t\t\t\t\t\t<\/div>\n\t\t\t\t<\/div>\n\t\t\t\t<\/div>\n\t\t\t\t\t<\/div>\n\t\t\t\t<\/div>\n\t\t\t\t<\/div>","protected":false},"excerpt":{"rendered":"<p>Sobre Nosotros En el coraz\u00f3n de Anbia Kalea (Bizkaia), se encuentra Sidrer\u00eda San Roque con un sue\u00f1o muy claro: combinar la rica tradici\u00f3n sidrera del norte de Espa\u00f1a con un ambiente moderno y acogedor.\u00a0 Que nos Hace ESPECIALES Pasi\u00f3n por la sidra Cultura del encuentro Innovaci\u00f3n con ra\u00edces Hospitalidad Te invitamos a ser parte de [&hellip;]<\/p>\n","protected":false},"author":3,"featured_media":0,"parent":0,"menu_order":0,"comment_status":"closed","ping_status":"closed","template":"","meta":{"footnotes":""},"class_list":["post-2","page","type-page","status-publish","hentry"],"yoast_head":"<!-- This site is optimized with the Yoast SEO plugin v27.3 - https:\/\/yoast.com\/product\/yoast-seo-wordpress\/ -->\n<title>Inicio - Sidreria San Roque<\/title>\n<meta name=\"robots\" content=\"index, follow, max-snippet:-1, max-image-preview:large, max-video-preview:-1\" \/>\n<link rel=\"canonical\" href=\"https:\/\/sidreriasanroque.com\/eu\/\" \/>\n<meta property=\"og:locale\" content=\"en_US\" \/>\n<meta property=\"og:type\" content=\"article\" \/>\n<meta property=\"og:title\" content=\"Inicio - Sidreria San Roque\" \/>\n<meta property=\"og:description\" content=\"Sobre Nosotros En el coraz\u00f3n de Anbia Kalea (Bizkaia), se encuentra Sidrer\u00eda San Roque con un sue\u00f1o muy claro: combinar la rica tradici\u00f3n sidrera del norte de Espa\u00f1a con un ambiente moderno y acogedor.\u00a0 Que nos Hace ESPECIALES Pasi\u00f3n por la sidra Cultura del encuentro Innovaci\u00f3n con ra\u00edces Hospitalidad Te invitamos a ser parte de [&hellip;]\" \/>\n<meta property=\"og:url\" content=\"https:\/\/sidreriasanroque.com\/eu\/\" \/>\n<meta property=\"og:site_name\" content=\"Sidreria San Roque\" \/>\n<meta property=\"article:modified_time\" content=\"2025-04-28T14:07:54+00:00\" \/>\n<meta property=\"og:image\" content=\"https:\/\/sidreriasanroque.com\/wp-content\/uploads\/2025\/03\/WhatsApp-Image-2025-03-24-at-13.12.47.jpeg\" \/>\n<meta name=\"twitter:card\" content=\"summary_large_image\" \/>\n<meta name=\"twitter:label1\" content=\"Est. reading time\" \/>\n\t<meta name=\"twitter:data1\" content=\"1 minutua\" \/>\n<script type=\"application\/ld+json\" class=\"yoast-schema-graph\">{\"@context\":\"https:\\\/\\\/schema.org\",\"@graph\":[{\"@type\":\"WebPage\",\"@id\":\"https:\\\/\\\/sidreriasanroque.com\\\/\",\"url\":\"https:\\\/\\\/sidreriasanroque.com\\\/\",\"name\":\"Inicio - Sidreria San Roque\",\"isPartOf\":{\"@id\":\"https:\\\/\\\/sidreriasanroque.com\\\/#website\"},\"primaryImageOfPage\":{\"@id\":\"https:\\\/\\\/sidreriasanroque.com\\\/#primaryimage\"},\"image\":{\"@id\":\"https:\\\/\\\/sidreriasanroque.com\\\/#primaryimage\"},\"thumbnailUrl\":\"https:\\\/\\\/sidreriasanroque.com\\\/wp-content\\\/uploads\\\/2025\\\/03\\\/WhatsApp-Image-2025-03-24-at-13.12.47.jpeg\",\"datePublished\":\"2024-10-02T11:59:07+00:00\",\"dateModified\":\"2025-04-28T14:07:54+00:00\",\"breadcrumb\":{\"@id\":\"https:\\\/\\\/sidreriasanroque.com\\\/#breadcrumb\"},\"inLanguage\":\"eu\",\"potentialAction\":[{\"@type\":\"ReadAction\",\"target\":[\"https:\\\/\\\/sidreriasanroque.com\\\/\"]}]},{\"@type\":\"ImageObject\",\"inLanguage\":\"eu\",\"@id\":\"https:\\\/\\\/sidreriasanroque.com\\\/#primaryimage\",\"url\":\"https:\\\/\\\/sidreriasanroque.com\\\/wp-content\\\/uploads\\\/2025\\\/03\\\/WhatsApp-Image-2025-03-24-at-13.12.47.jpeg\",\"contentUrl\":\"https:\\\/\\\/sidreriasanroque.com\\\/wp-content\\\/uploads\\\/2025\\\/03\\\/WhatsApp-Image-2025-03-24-at-13.12.47.jpeg\"},{\"@type\":\"BreadcrumbList\",\"@id\":\"https:\\\/\\\/sidreriasanroque.com\\\/#breadcrumb\",\"itemListElement\":[{\"@type\":\"ListItem\",\"position\":1,\"name\":\"Portada\",\"item\":\"https:\\\/\\\/sidreriasanroque.com\\\/\"},{\"@type\":\"ListItem\",\"position\":2,\"name\":\"Inicio\"}]},{\"@type\":\"WebSite\",\"@id\":\"https:\\\/\\\/sidreriasanroque.com\\\/#website\",\"url\":\"https:\\\/\\\/sidreriasanroque.com\\\/\",\"name\":\"Sidreria San Roque\",\"description\":\"Bar-Cafeter\u00eda.\",\"publisher\":{\"@id\":\"https:\\\/\\\/sidreriasanroque.com\\\/#organization\"},\"potentialAction\":[{\"@type\":\"SearchAction\",\"target\":{\"@type\":\"EntryPoint\",\"urlTemplate\":\"https:\\\/\\\/sidreriasanroque.com\\\/?s={search_term_string}\"},\"query-input\":{\"@type\":\"PropertyValueSpecification\",\"valueRequired\":true,\"valueName\":\"search_term_string\"}}],\"inLanguage\":\"eu\"},{\"@type\":\"Organization\",\"@id\":\"https:\\\/\\\/sidreriasanroque.com\\\/#organization\",\"name\":\"Sidreria San Roque\",\"url\":\"https:\\\/\\\/sidreriasanroque.com\\\/\",\"logo\":{\"@type\":\"ImageObject\",\"inLanguage\":\"eu\",\"@id\":\"https:\\\/\\\/sidreriasanroque.com\\\/#\\\/schema\\\/logo\\\/image\\\/\",\"url\":\"https:\\\/\\\/sidreriasanroque.com\\\/wp-content\\\/uploads\\\/2025\\\/04\\\/cropped-SIDRERIA.png\",\"contentUrl\":\"https:\\\/\\\/sidreriasanroque.com\\\/wp-content\\\/uploads\\\/2025\\\/04\\\/cropped-SIDRERIA.png\",\"width\":500,\"height\":230,\"caption\":\"Sidreria San Roque\"},\"image\":{\"@id\":\"https:\\\/\\\/sidreriasanroque.com\\\/#\\\/schema\\\/logo\\\/image\\\/\"}}]}<\/script>\n<!-- \/ Yoast SEO plugin. -->","yoast_head_json":{"title":"Inicio - Sidreria San Roque","robots":{"index":"index","follow":"follow","max-snippet":"max-snippet:-1","max-image-preview":"max-image-preview:large","max-video-preview":"max-video-preview:-1"},"canonical":"https:\/\/sidreriasanroque.com\/eu\/","og_locale":"en_US","og_type":"article","og_title":"Inicio - Sidreria San Roque","og_description":"Sobre Nosotros En el coraz\u00f3n de Anbia Kalea (Bizkaia), se encuentra Sidrer\u00eda San Roque con un sue\u00f1o muy claro: combinar la rica tradici\u00f3n sidrera del norte de Espa\u00f1a con un ambiente moderno y acogedor.\u00a0 Que nos Hace ESPECIALES Pasi\u00f3n por la sidra Cultura del encuentro Innovaci\u00f3n con ra\u00edces Hospitalidad Te invitamos a ser parte de [&hellip;]","og_url":"https:\/\/sidreriasanroque.com\/eu\/","og_site_name":"Sidreria San Roque","article_modified_time":"2025-04-28T14:07:54+00:00","og_image":[{"url":"https:\/\/sidreriasanroque.com\/wp-content\/uploads\/2025\/03\/WhatsApp-Image-2025-03-24-at-13.12.47.jpeg","type":"","width":"","height":""}],"twitter_card":"summary_large_image","twitter_misc":{"Est. reading time":"1 minutua"},"schema":{"@context":"https:\/\/schema.org","@graph":[{"@type":"WebPage","@id":"https:\/\/sidreriasanroque.com\/","url":"https:\/\/sidreriasanroque.com\/","name":"Inicio - Sidreria San Roque","isPartOf":{"@id":"https:\/\/sidreriasanroque.com\/#website"},"primaryImageOfPage":{"@id":"https:\/\/sidreriasanroque.com\/#primaryimage"},"image":{"@id":"https:\/\/sidreriasanroque.com\/#primaryimage"},"thumbnailUrl":"https:\/\/sidreriasanroque.com\/wp-content\/uploads\/2025\/03\/WhatsApp-Image-2025-03-24-at-13.12.47.jpeg","datePublished":"2024-10-02T11:59:07+00:00","dateModified":"2025-04-28T14:07:54+00:00","breadcrumb":{"@id":"https:\/\/sidreriasanroque.com\/#breadcrumb"},"inLanguage":"eu","potentialAction":[{"@type":"ReadAction","target":["https:\/\/sidreriasanroque.com\/"]}]},{"@type":"ImageObject","inLanguage":"eu","@id":"https:\/\/sidreriasanroque.com\/#primaryimage","url":"https:\/\/sidreriasanroque.com\/wp-content\/uploads\/2025\/03\/WhatsApp-Image-2025-03-24-at-13.12.47.jpeg","contentUrl":"https:\/\/sidreriasanroque.com\/wp-content\/uploads\/2025\/03\/WhatsApp-Image-2025-03-24-at-13.12.47.jpeg"},{"@type":"BreadcrumbList","@id":"https:\/\/sidreriasanroque.com\/#breadcrumb","itemListElement":[{"@type":"ListItem","position":1,"name":"Portada","item":"https:\/\/sidreriasanroque.com\/"},{"@type":"ListItem","position":2,"name":"Inicio"}]},{"@type":"WebSite","@id":"https:\/\/sidreriasanroque.com\/#website","url":"https:\/\/sidreriasanroque.com\/","name":"Sidreria San Roque","description":"Bar-Cafeter\u00eda.","publisher":{"@id":"https:\/\/sidreriasanroque.com\/#organization"},"potentialAction":[{"@type":"SearchAction","target":{"@type":"EntryPoint","urlTemplate":"https:\/\/sidreriasanroque.com\/?s={search_term_string}"},"query-input":{"@type":"PropertyValueSpecification","valueRequired":true,"valueName":"search_term_string"}}],"inLanguage":"eu"},{"@type":"Organization","@id":"https:\/\/sidreriasanroque.com\/#organization","name":"Sidreria San Roque","url":"https:\/\/sidreriasanroque.com\/","logo":{"@type":"ImageObject","inLanguage":"eu","@id":"https:\/\/sidreriasanroque.com\/#\/schema\/logo\/image\/","url":"https:\/\/sidreriasanroque.com\/wp-content\/uploads\/2025\/04\/cropped-SIDRERIA.png","contentUrl":"https:\/\/sidreriasanroque.com\/wp-content\/uploads\/2025\/04\/cropped-SIDRERIA.png","width":500,"height":230,"caption":"Sidreria San Roque"},"image":{"@id":"https:\/\/sidreriasanroque.com\/#\/schema\/logo\/image\/"}}]}},"_links":{"self":[{"href":"https:\/\/sidreriasanroque.com\/eu\/wp-json\/wp\/v2\/pages\/2","targetHints":{"allow":["GET"]}}],"collection":[{"href":"https:\/\/sidreriasanroque.com\/eu\/wp-json\/wp\/v2\/pages"}],"about":[{"href":"https:\/\/sidreriasanroque.com\/eu\/wp-json\/wp\/v2\/types\/page"}],"author":[{"embeddable":true,"href":"https:\/\/sidreriasanroque.com\/eu\/wp-json\/wp\/v2\/users\/3"}],"replies":[{"embeddable":true,"href":"https:\/\/sidreriasanroque.com\/eu\/wp-json\/wp\/v2\/comments?post=2"}],"version-history":[{"count":208,"href":"https:\/\/sidreriasanroque.com\/eu\/wp-json\/wp\/v2\/pages\/2\/revisions"}],"predecessor-version":[{"id":1001,"href":"https:\/\/sidreriasanroque.com\/eu\/wp-json\/wp\/v2\/pages\/2\/revisions\/1001"}],"wp:attachment":[{"href":"https:\/\/sidreriasanroque.com\/eu\/wp-json\/wp\/v2\/media?parent=2"}],"curies":[{"name":"wp","href":"https:\/\/api.w.org\/{rel}","templated":true}]}}